{"id":8,"date":"2026-04-24T22:54:03","date_gmt":"2026-04-24T22:54:03","guid":{"rendered":"https:\/\/dekoline.bambustudio.com.tr\/?page_id=8"},"modified":"2026-04-24T23:09:48","modified_gmt":"2026-04-24T23:09:48","slug":"kalite","status":"publish","type":"page","link":"https:\/\/dekoline.bambustudio.com.tr\/?page_id=8","title":{"rendered":"Kalite"},"content":{"rendered":"<p>Dekoline Prime&#8217;da kalite bir departman de\u011fil, bir k\u00fclt\u00fcrd\u00fcr. \u00dcretimimiz ISO 9001:2015 Kalite Y\u00f6netim Sistemi, ISO 14001 \u00c7evre Y\u00f6netim Sistemi ve OEKO-TEX\u00ae Standard 100 sertifikal\u0131d\u0131r.<\/p><p>Her metre kuma\u015f, m\u00fc\u015fterimize ula\u015fmadan \u00f6nce 18 a\u015famal\u0131 kalite kontrolden ge\u00e7er: iplik giri\u015f kontrol\u00fcnden \u0131\u015f\u0131k hasl\u0131\u011f\u0131 testlerine, yang\u0131n geciktirici s\u0131n\u0131fland\u0131rmas\u0131ndan bayi sevkiyat \u00f6ncesi son kontrole kadar.<\/p><h2 class=\"wp-block-heading\">Memnuniyet Garantisi<\/h2><p>Dekoline Prime \u00fcr\u00fcnlerinde \u00fcretim kaynakl\u0131 herhangi bir sorunda, 12 ay i\u00e7erisinde \u00fccretsiz de\u011fi\u015fim garantimiz vard\u0131r.<\/p>","protected":false},"excerpt":{"rendered":"<p>Dekoline Prime&#8217;da kalite bir departman de\u011fil, bir k\u00fclt\u00fcrd\u00fcr. \u00dcretimimiz ISO 9001:2015 Kalite Y\u00f6netim Sistemi, ISO 14001 \u00c7evre Y\u00f6netim Sistemi ve OEKO-TEX\u00ae Standard 100 sertifikal\u0131d\u0131r. Her metre kuma\u015f, m\u00fc\u015fterimize ula\u015fmadan \u00f6nce 18 a\u015famal\u0131 kalite kontrolden ge\u00e7er: iplik giri\u015f kontrol\u00fcnden \u0131\u015f\u0131k hasl\u0131\u011f\u0131 testlerine, yang\u0131n geciktirici s\u0131n\u0131fland\u0131rmas\u0131ndan bayi sevkiyat \u00f6ncesi son kontrole kadar. Memnuniyet Garantisi Dekoline Prime \u00fcr\u00fcnlerinde [&hellip;]<\/p>\n","protected":false},"author":1,"featured_media":0,"parent":0,"menu_order":0,"comment_status":"closed","ping_status":"closed","template":"page-kalite.php","meta":{"footnotes":""},"class_list":["post-8","page","type-page","status-publish","hentry"],"_links":{"self":[{"href":"https:\/\/dekoline.bambustudio.com.tr\/index.php?rest_route=\/wp\/v2\/pages\/8","targetHints":{"allow":["GET"]}}],"collection":[{"href":"https:\/\/dekoline.bambustudio.com.tr\/index.php?rest_route=\/wp\/v2\/pages"}],"about":[{"href":"https:\/\/dekoline.bambustudio.com.tr\/index.php?rest_route=\/wp\/v2\/types\/page"}],"author":[{"embeddable":true,"href":"https:\/\/dekoline.bambustudio.com.tr\/index.php?rest_route=\/wp\/v2\/users\/1"}],"replies":[{"embeddable":true,"href":"https:\/\/dekoline.bambustudio.com.tr\/index.php?rest_route=%2Fwp%2Fv2%2Fcomments&post=8"}],"version-history":[{"count":1,"href":"https:\/\/dekoline.bambustudio.com.tr\/index.php?rest_route=\/wp\/v2\/pages\/8\/revisions"}],"predecessor-version":[{"id":37,"href":"https:\/\/dekoline.bambustudio.com.tr\/index.php?rest_route=\/wp\/v2\/pages\/8\/revisions\/37"}],"wp:attachment":[{"href":"https:\/\/dekoline.bambustudio.com.tr\/index.php?rest_route=%2Fwp%2Fv2%2Fmedia&parent=8"}],"curies":[{"name":"wp","href":"https:\/\/api.w.org\/{rel}","templated":true}]}}