{"id":9,"date":"2026-04-24T22:54:03","date_gmt":"2026-04-24T22:54:03","guid":{"rendered":"https:\/\/dekoline.bambustudio.com.tr\/?page_id=9"},"modified":"2026-04-24T23:09:48","modified_gmt":"2026-04-24T23:09:48","slug":"bayilerimiz","status":"publish","type":"page","link":"https:\/\/dekoline.bambustudio.com.tr\/?page_id=9","title":{"rendered":"Bayilerimiz"},"content":{"rendered":"<p>T\u00fcrkiye&#8217;nin 81 iline yay\u0131lan 500+ bayimiz ile size en yak\u0131n noktadan hizmet veriyoruz. A\u015fa\u011f\u0131daki haritadan veya il\/il\u00e7e se\u00e7iminden size en yak\u0131n bayimizi bulabilirsiniz.<\/p>","protected":false},"excerpt":{"rendered":"<p>T\u00fcrkiye&#8217;nin 81 iline yay\u0131lan 500+ bayimiz ile size en yak\u0131n noktadan hizmet veriyoruz. A\u015fa\u011f\u0131daki haritadan veya il\/il\u00e7e se\u00e7iminden size en yak\u0131n bayimizi bulabilirsiniz.<\/p>\n","protected":false},"author":1,"featured_media":0,"parent":0,"menu_order":0,"comment_status":"closed","ping_status":"closed","template":"page-bayiler.php","meta":{"footnotes":""},"class_list":["post-9","page","type-page","status-publish","hentry"],"_links":{"self":[{"href":"https:\/\/dekoline.bambustudio.com.tr\/index.php?rest_route=\/wp\/v2\/pages\/9","targetHints":{"allow":["GET"]}}],"collection":[{"href":"https:\/\/dekoline.bambustudio.com.tr\/index.php?rest_route=\/wp\/v2\/pages"}],"about":[{"href":"https:\/\/dekoline.bambustudio.com.tr\/index.php?rest_route=\/wp\/v2\/types\/page"}],"author":[{"embeddable":true,"href":"https:\/\/dekoline.bambustudio.com.tr\/index.php?rest_route=\/wp\/v2\/users\/1"}],"replies":[{"embeddable":true,"href":"https:\/\/dekoline.bambustudio.com.tr\/index.php?rest_route=%2Fwp%2Fv2%2Fcomments&post=9"}],"version-history":[{"count":1,"href":"https:\/\/dekoline.bambustudio.com.tr\/index.php?rest_route=\/wp\/v2\/pages\/9\/revisions"}],"predecessor-version":[{"id":38,"href":"https:\/\/dekoline.bambustudio.com.tr\/index.php?rest_route=\/wp\/v2\/pages\/9\/revisions\/38"}],"wp:attachment":[{"href":"https:\/\/dekoline.bambustudio.com.tr\/index.php?rest_route=%2Fwp%2Fv2%2Fmedia&parent=9"}],"curies":[{"name":"wp","href":"https:\/\/api.w.org\/{rel}","templated":true}]}}